{"id":1453,"date":"2020-12-23T11:39:09","date_gmt":"2020-12-23T08:39:09","guid":{"rendered":"https:\/\/consulatehungary.org\/?page_id=1453"},"modified":"2020-12-23T12:05:34","modified_gmt":"2020-12-23T09:05:34","slug":"acilis-gunu","status":"publish","type":"page","link":"https:\/\/consulatehungary.org\/tr\/acilis-gunu\/","title":{"rendered":"Macaristan Trabzon Fahri Konsoloslu\u011fu Ofisi A\u00e7\u0131l\u0131\u015f G\u00fcn\u00fc"},"content":{"rendered":"","protected":false},"excerpt":{"rendered":"","protected":false},"author":1,"featured_media":0,"parent":0,"menu_order":0,"comment_status":"closed","ping_status":"closed","template":"","meta":[],"_links":{"self":[{"href":"https:\/\/consulatehungary.org\/tr\/wp-json\/wp\/v2\/pages\/1453"}],"collection":[{"href":"https:\/\/consulatehungary.org\/tr\/wp-json\/wp\/v2\/pages"}],"about":[{"href":"https:\/\/consulatehungary.org\/tr\/wp-json\/wp\/v2\/types\/page"}],"author":[{"embeddable":true,"href":"https:\/\/consulatehungary.org\/tr\/wp-json\/wp\/v2\/users\/1"}],"replies":[{"embeddable":true,"href":"https:\/\/consulatehungary.org\/tr\/wp-json\/wp\/v2\/comments?post=1453"}],"version-history":[{"count":4,"href":"https:\/\/consulatehungary.org\/tr\/wp-json\/wp\/v2\/pages\/1453\/revisions"}],"predecessor-version":[{"id":1459,"href":"https:\/\/consulatehungary.org\/tr\/wp-json\/wp\/v2\/pages\/1453\/revisions\/1459"}],"wp:attachment":[{"href":"https:\/\/consulatehungary.org\/tr\/wp-json\/wp\/v2\/media?parent=1453"}],"curies":[{"name":"wp","href":"https:\/\/api.w.org\/{rel}","templated":true}]}}